{"id":28255,"date":"2024-03-01T11:40:59","date_gmt":"2024-03-01T10:40:59","guid":{"rendered":"https:\/\/www.parcoacquaticocavour.it\/privacycookies\/"},"modified":"2024-03-06T15:22:46","modified_gmt":"2024-03-06T14:22:46","slug":"privacy-cookies","status":"publish","type":"page","link":"https:\/\/www.parcoacquaticocavour.it\/de\/privacy-cookies\/","title":{"rendered":"Privacy&#038;Cookies"},"content":{"rendered":"\t\t<div data-elementor-type=\"wp-page\" data-elementor-id=\"28255\" class=\"elementor elementor-28255 elementor-14435\" data-elementor-post-type=\"page\">\n\t\t\t\t<div class=\"elementor-element elementor-element-04092ba e-flex e-con-boxed e-con e-parent\" data-id=\"04092ba\" data-element_type=\"container\" data-settings=\"{&quot;background_background&quot;:&quot;classic&quot;,&quot;shape_divider_bottom&quot;:&quot;wave-brush&quot;}\">\n\t\t\t\t\t<div class=\"e-con-inner\">\n\t\t\t\t<div class=\"elementor-shape elementor-shape-bottom\" aria-hidden=\"true\" data-negative=\"false\">\n\t\t\t<svg xmlns=\"http:\/\/www.w3.org\/2000\/svg\" viewBox=\"0 0 283.5 27.8\" preserveAspectRatio=\"none\">\n\t<path class=\"elementor-shape-fill\" d=\"M283.5,9.7c0,0-7.3,4.3-14,4.6c-6.8,0.3-12.6,0-20.9-1.5c-11.3-2-33.1-10.1-44.7-5.7\ts-12.1,4.6-18,7.4c-6.6,3.2-20,9.6-36.6,9.3C131.6,23.5,99.5,7.2,86.3,8c-1.4,0.1-6.6,0.8-10.5,2c-3.8,1.2-9.4,3.8-17,4.7\tc-3.2,0.4-8.3,1.1-14.2,0.9c-1.5-0.1-6.3-0.4-12-1.6c-5.7-1.2-11-3.1-15.8-3.7C6.5,9.2,0,10.8,0,10.8V0h283.5V9.7z M260.8,11.3\tc-0.7-1-2-0.4-4.3-0.4c-2.3,0-6.1-1.2-5.8-1.1c0.3,0.1,3.1,1.5,6,1.9C259.7,12.2,261.4,12.3,260.8,11.3z M242.4,8.6\tc0,0-2.4-0.2-5.6-0.9c-3.2-0.8-10.3-2.8-15.1-3.5c-8.2-1.1-15.8,0-15.1,0.1c0.8,0.1,9.6-0.6,17.6,1.1c3.3,0.7,9.3,2.2,12.4,2.7\tC239.9,8.7,242.4,8.6,242.4,8.6z M185.2,8.5c1.7-0.7-13.3,4.7-18.5,6.1c-2.1,0.6-6.2,1.6-10,2c-3.9,0.4-8.9,0.4-8.8,0.5\tc0,0.2,5.8,0.8,11.2,0c5.4-0.8,5.2-1.1,7.6-1.6C170.5,14.7,183.5,9.2,185.2,8.5z M199.1,6.9c0.2,0-0.8-0.4-4.8,1.1\tc-4,1.5-6.7,3.5-6.9,3.7c-0.2,0.1,3.5-1.8,6.6-3C197,7.5,199,6.9,199.1,6.9z M283,6c-0.1,0.1-1.9,1.1-4.8,2.5s-6.9,2.8-6.7,2.7\tc0.2,0,3.5-0.6,7.4-2.5C282.8,6.8,283.1,5.9,283,6z M31.3,11.6c0.1-0.2-1.9-0.2-4.5-1.2s-5.4-1.6-7.8-2C15,7.6,7.3,8.5,7.7,8.6\tC8,8.7,15.9,8.3,20.2,9.3c2.2,0.5,2.4,0.5,5.7,1.6S31.2,11.9,31.3,11.6z M73,9.2c0.4-0.1,3.5-1.6,8.4-2.6c4.9-1.1,8.9-0.5,8.9-0.8\tc0-0.3-1-0.9-6.2-0.3S72.6,9.3,73,9.2z M71.6,6.7C71.8,6.8,75,5.4,77.3,5c2.3-0.3,1.9-0.5,1.9-0.6c0-0.1-1.1-0.2-2.7,0.2\tC74.8,5.1,71.4,6.6,71.6,6.7z M93.6,4.4c0.1,0.2,3.5,0.8,5.6,1.8c2.1,1,1.8,0.6,1.9,0.5c0.1-0.1-0.8-0.8-2.4-1.3\tC97.1,4.8,93.5,4.2,93.6,4.4z M65.4,11.1c-0.1,0.3,0.3,0.5,1.9-0.2s2.6-1.3,2.2-1.2s-0.9,0.4-2.5,0.8C65.3,10.9,65.5,10.8,65.4,11.1\tz M34.5,12.4c-0.2,0,2.1,0.8,3.3,0.9c1.2,0.1,2,0.1,2-0.2c0-0.3-0.1-0.5-1.6-0.4C36.6,12.8,34.7,12.4,34.5,12.4z M152.2,21.1\tc-0.1,0.1-2.4-0.3-7.5-0.3c-5,0-13.6-2.4-17.2-3.5c-3.6-1.1,10,3.9,16.5,4.1C150.5,21.6,152.3,21,152.2,21.1z\"\/>\n\t<path class=\"elementor-shape-fill\" d=\"M269.6,18c-0.1-0.1-4.6,0.3-7.2,0c-7.3-0.7-17-3.2-16.6-2.9c0.4,0.3,13.7,3.1,17,3.3\tC267.7,18.8,269.7,18,269.6,18z\"\/>\n\t<path class=\"elementor-shape-fill\" d=\"M227.4,9.8c-0.2-0.1-4.5-1-9.5-1.2c-5-0.2-12.7,0.6-12.3,0.5c0.3-0.1,5.9-1.8,13.3-1.2\tS227.6,9.9,227.4,9.8z\"\/>\n\t<path class=\"elementor-shape-fill\" d=\"M204.5,13.4c-0.1-0.1,2-1,3.2-1.1c1.2-0.1,2,0,2,0.3c0,0.3-0.1,0.5-1.6,0.4\tC206.4,12.9,204.6,13.5,204.5,13.4z\"\/>\n\t<path class=\"elementor-shape-fill\" d=\"M201,10.6c0-0.1-4.4,1.2-6.3,2.2c-1.9,0.9-6.2,3.1-6.1,3.1c0.1,0.1,4.2-1.6,6.3-2.6\tS201,10.7,201,10.6z\"\/>\n\t<path class=\"elementor-shape-fill\" d=\"M154.5,26.7c-0.1-0.1-4.6,0.3-7.2,0c-7.3-0.7-17-3.2-16.6-2.9c0.4,0.3,13.7,3.1,17,3.3\tC152.6,27.5,154.6,26.8,154.5,26.7z\"\/>\n\t<path class=\"elementor-shape-fill\" d=\"M41.9,19.3c0,0,1.2-0.3,2.9-0.1c1.7,0.2,5.8,0.9,8.2,0.7c4.2-0.4,7.4-2.7,7-2.6\tc-0.4,0-4.3,2.2-8.6,1.9c-1.8-0.1-5.1-0.5-6.7-0.4S41.9,19.3,41.9,19.3z\"\/>\n\t<path class=\"elementor-shape-fill\" d=\"M75.5,12.6c0.2,0.1,2-0.8,4.3-1.1c2.3-0.2,2.1-0.3,2.1-0.5c0-0.1-1.8-0.4-3.4,0\tC76.9,11.5,75.3,12.5,75.5,12.6z\"\/>\n\t<path class=\"elementor-shape-fill\" d=\"M15.6,13.2c0-0.1,4.3,0,6.7,0.5c2.4,0.5,5,1.9,5,2c0,0.1-2.7-0.8-5.1-1.4\tC19.9,13.7,15.7,13.3,15.6,13.2z\"\/>\n<\/svg>\t\t<\/div>\n\t\t\t\t<div class=\"elementor-element elementor-element-19d6eac animated-fast elementor-invisible elementor-widget elementor-widget-heading\" data-id=\"19d6eac\" data-element_type=\"widget\" data-settings=\"{&quot;_animation&quot;:&quot;fadeInUp&quot;,&quot;_animation_delay&quot;:200}\" data-widget_type=\"heading.default\">\n\t\t\t\t\t<h1 class=\"elementor-heading-title elementor-size-default\">PRIVACY &amp; COOKIES<\/h1>\t\t\t\t<\/div>\n\t\t\t\t\t<\/div>\n\t\t\t\t<\/div>\n\t\t<div class=\"elementor-element elementor-element-4c069e2 e-con-full e-flex e-con e-parent\" data-id=\"4c069e2\" data-element_type=\"container\">\n\t\t\t\t<div class=\"elementor-element elementor-element-b49ba6f elementor-widget elementor-widget-text-editor\" data-id=\"b49ba6f\" data-element_type=\"widget\" data-widget_type=\"text-editor.default\">\n\t\t\t\t\t\t\t\t\t<h3>DATENSCHUTZRICHTLINIE<\/h3><p>Wer das vorliegende Formular ausf\u00fcllt, erkl\u00e4rt sich ausdr\u00fccklich damit einverstanden, gem\u00e4\u00df Art. 11 und 20 des Gesetzes 196\/2003, an Parco Acquatico Cavour, die Erhebung, Nutzung, Kommunikation und\/oder Verbreitung der beim Ausf\u00fcllen des Formulars bereitgestellten personenbezogenen Daten zu den unten aufgef\u00fchrten Zwecken und Bedingungen.<\/p><p>F\u00fcr die oben genannten Zwecke und in \u00dcbereinstimmung mit dem zitierten Gesetz 196\/2003 erkl\u00e4rt der Websurfer, dass er die von ihm bereitgestellten Informationen f\u00fcr kommerzielle, verkaufsf\u00f6rdernde und\/oder verkaufsf\u00f6rdernde Zwecke nutzt und damit einverstanden ist. sowie f\u00fcr Statistiken oder f\u00fcr den Versand von redaktionellem Material, durch Beratung, Ausarbeitung oder Vergleich. Die Bereitstellung der angeforderten Informationen ist freiwillig und die Verweigerung der Bereitstellung bedeutet ausschlie\u00dflich die Ablehnung des Angebots.<\/p><p>Dar\u00fcber hinaus k\u00f6nnen die oben genannten Informationen im Ausland an andere Unternehmen zum gleichen Zweck weitergegeben werden, f\u00fcr den sie erhoben wurden. Im Hinblick auf die Verwendung der oben genannten personenbezogenen Daten wird darauf hingewiesen, dass gem\u00e4\u00df Art. Gem\u00e4\u00df Art. 13 des Gesetzes 675\/96 hat die betroffene Person jederzeit und frei das Recht, die sie betreffenden Informationen einzusehen, zu \u00e4ndern oder zu l\u00f6schen oder sich ihrer Verwendung zu widersetzen, und eine Best\u00e4tigung \u00fcber die Ausf\u00fchrung der oben genannten Bestimmungen zu erhalten die Best\u00e4tigung der Mitteilung wie gew\u00fcnscht an die Personen, denen die Informationen mitgeteilt oder verbreitet wurden.<\/p><p>\u00a0<\/p><h3>Cookie-Richtlinie<\/h3><h3>\u00dcber diese Cookie-Richtlinie<\/h3><p>Diese Cookie-Richtlinie erkl\u00e4rt, was Cookies sind und wie wir sie verwenden, welche Arten von Cookies wir verwenden, d. h. welche Informationen wir mithilfe von Cookies sammeln und wie diese Informationen verwendet werden, und wie wir die Cookie-Einstellungen steuern. Weitere Informationen dar\u00fcber, wie wir Ihre personenbezogenen Daten verwenden, speichern und sch\u00fctzen, finden Sie in unserer Datenschutzrichtlinie.<\/p><p>Sie k\u00f6nnen Ihre Einwilligung jederzeit in der Cookie-Erkl\u00e4rung auf unserer Website \u00e4ndern oder widerrufen<\/p><p>Erfahren Sie in unserer Datenschutzerkl\u00e4rung mehr dar\u00fcber, wer wir sind, wie Sie mit uns Kontakt aufnehmen k\u00f6nnen und wie wir personenbezogene Daten verarbeiten.<\/p><p>Ihre Einwilligung gilt f\u00fcr die folgenden Domains: www.parcoacquaticocavour.it<\/p><p>[user_consent_state]<\/p><h3>Was sind Cookies?<\/h3><p>Cookies sind kleine Textdateien, die zur Speicherung kleinerer Informationen verwendet werden. Sie werden auf Ihrem Ger\u00e4t gespeichert, wenn die Website in Ihrem Browser geladen wird. Diese Cookies helfen uns, die Website ordnungsgem\u00e4\u00df funktionieren zu lassen, sie sicherer zu machen, ein besseres Benutzererlebnis zu bieten und zu verstehen, wie die Website funktioniert, und zu analysieren, was funktioniert und wo Verbesserungen erforderlich sind.<\/p><h3>Wie verwenden wir Cookies?<\/h3><p>Wie die meisten Online-Dienste verwendet unsere Website f\u00fcr verschiedene Zwecke Erst- und Drittanbieter-Cookies. Erstanbieter-Cookies sind in den meisten F\u00e4llen f\u00fcr die ordnungsgem\u00e4\u00dfe Funktion der Website erforderlich und erfassen keine personenbezogenen Daten von Ihnen.<\/p><p>Die auf unserer Website verwendeten Cookies von Drittanbietern dienen haupts\u00e4chlich dazu, zu verstehen, wie die Website funktioniert, wie Sie mit unserer Website interagieren, unsere Dienste sicher zu halten, f\u00fcr Sie relevante Werbung bereitzustellen und Ihnen insgesamt einen besseren und verbesserten Benutzer zu bieten Erfahrung und helfen Sie dabei, Ihre zuk\u00fcnftigen Interaktionen mit unserer Website zu beschleunigen.<\/p><h3>Welche Arten von Cookies verwenden wir?<\/h3><p>Unverzichtbar: Einige Cookies sind unerl\u00e4sslich, damit Sie die volle Funktionalit\u00e4t unserer Website nutzen k\u00f6nnen. Sie erm\u00f6glichen es uns, Benutzersitzungen aufrechtzuerhalten und Sicherheitsbedrohungen zu verhindern. Sie erheben oder speichern keine personenbezogenen Daten. Diese Cookies erm\u00f6glichen es Ihnen beispielsweise, sich bei Ihrem Konto anzumelden, Produkte in Ihren Warenkorb zu legen und sicher zur Kasse zu gehen.<\/p><p>Statistiken: Diese Cookies speichern Informationen wie die Anzahl der Besucher der Website, die Anzahl der einzelnen Besucher, welche Seiten der Website besucht wurden, die Quelle des Besuchs usw. Diese Daten helfen uns, die Leistung der Website zu verstehen und zu analysieren und wo es Verbesserungsbedarf gibt.<\/p><p>Marketing: Auf unserer Website werden Werbeanzeigen geschaltet. Diese Cookies werden verwendet, um die Werbung, die wir Ihnen zeigen, so zu personalisieren, dass sie f\u00fcr Sie von Bedeutung ist. Diese Cookies helfen uns auch dabei, die Effizienz dieser Werbekampagnen zu verfolgen.<\/p><p>Die in diesen Cookies gespeicherten Informationen k\u00f6nnen auch von Drittanbietern von Werbeanzeigen verwendet werden, um Ihnen Werbung auch auf anderen Websites im Browser anzuzeigen.<\/p><p>Funktional: Dies sind Cookies, die bestimmte nicht wesentliche Funktionen unserer Website unterst\u00fctzen. Zu diesen Funktionalit\u00e4ten geh\u00f6ren das Einbetten von Inhalten wie Videos oder das Teilen von Inhalten der Website auf Social-Media-Plattformen.<\/p><p>Pr\u00e4ferenzen: Diese Cookies helfen uns, Ihre Einstellungen und Browserpr\u00e4ferenzen wie Sprachpr\u00e4ferenzen zu speichern, damit Sie bei zuk\u00fcnftigen Besuchen der Website ein besseres und effizienteres Erlebnis haben.<\/p><p>[cookie_audit columns=&#8220;cookie,description&#8220; heading=&#8220;The below list details the cookies used in our website.&#8220;]<\/p><h3>Wie kann ich die Cookie-Einstellungen steuern?<\/h3><p>Sollten Sie sich sp\u00e4ter w\u00e4hrend Ihrer Browsersitzung dazu entschlie\u00dfen, Ihre Einstellungen zu \u00e4ndern, k\u00f6nnen Sie auf Ihrem Bildschirm auf die Registerkarte \u201eDatenschutz- und Cookie-Richtlinie\u201c klicken. Dadurch wird die Einwilligungserkl\u00e4rung erneut angezeigt und Sie k\u00f6nnen Ihre Pr\u00e4ferenzen \u00e4ndern oder Ihre Einwilligung vollst\u00e4ndig widerrufen.<\/p><p>Dar\u00fcber hinaus bieten verschiedene Browser unterschiedliche Methoden zum Blockieren und L\u00f6schen von Cookies, die von Websites verwendet werden. Sie k\u00f6nnen die Einstellungen Ihres Browsers \u00e4ndern, um die Cookies zu blockieren\/l\u00f6schen. Weitere Informationen zum Verwalten und L\u00f6schen von Cookies finden Sie unter wikipedia.org, www.allaboutcookies.org.<\/p><h5>\u00c4nderungen an dieser Erkl\u00e4rung<\/h5><p>Diese Informationen k\u00f6nnen sich im Laufe der Zeit \u00e4ndern (z. B. \u00c4nderungen der Vorschriften oder die Einf\u00fchrung neuer auf dieser Website angebotener Dienste). Wir empfehlen Benutzern daher, die \u00c4nderungen durch regelm\u00e4\u00dfige Konsultation dieser Seite zu \u00fcberpr\u00fcfen.<\/p>\t\t\t\t\t\t\t\t<\/div>\n\t\t\t\t<\/div>\n\t\t\t\t<\/div>\n\t\t","protected":false},"excerpt":{"rendered":"<p>PRIVACY &#038; COOKIES DATENSCHUTZRICHTLINIE Wer das vorliegende Formular ausf\u00fcllt, erkl\u00e4rt sich ausdr\u00fccklich damit einverstanden, gem\u00e4\u00df Art. 11 und 20 des Gesetzes 196\/2003, an Parco Acquatico Cavour, die Erhebung, Nutzung, Kommunikation und\/oder Verbreitung der beim Ausf\u00fcllen des Formulars bereitgestellten personenbezogenen Daten zu den unten aufgef\u00fchrten Zwecken und Bedingungen. F\u00fcr die oben genannten Zwecke und in \u00dcbereinstimmung [&hellip;]<\/p>\n","protected":false},"author":1,"featured_media":0,"parent":0,"menu_order":4,"comment_status":"closed","ping_status":"closed","template":"","meta":{"inline_featured_image":false,"footnotes":""},"class_list":["post-28255","page","type-page","status-publish","hentry"],"_links":{"self":[{"href":"https:\/\/www.parcoacquaticocavour.it\/de\/wp-json\/wp\/v2\/pages\/28255","targetHints":{"allow":["GET"]}}],"collection":[{"href":"https:\/\/www.parcoacquaticocavour.it\/de\/wp-json\/wp\/v2\/pages"}],"about":[{"href":"https:\/\/www.parcoacquaticocavour.it\/de\/wp-json\/wp\/v2\/types\/page"}],"author":[{"embeddable":true,"href":"https:\/\/www.parcoacquaticocavour.it\/de\/wp-json\/wp\/v2\/users\/1"}],"replies":[{"embeddable":true,"href":"https:\/\/www.parcoacquaticocavour.it\/de\/wp-json\/wp\/v2\/comments?post=28255"}],"version-history":[{"count":0,"href":"https:\/\/www.parcoacquaticocavour.it\/de\/wp-json\/wp\/v2\/pages\/28255\/revisions"}],"wp:attachment":[{"href":"https:\/\/www.parcoacquaticocavour.it\/de\/wp-json\/wp\/v2\/media?parent=28255"}],"curies":[{"name":"wp","href":"https:\/\/api.w.org\/{rel}","templated":true}]}}